{"id":6370,"date":"2021-07-15T11:07:11","date_gmt":"2021-07-15T09:07:11","guid":{"rendered":"https:\/\/www.maiwald.eu\/?page_id=6370"},"modified":"2021-07-15T11:07:57","modified_gmt":"2021-07-15T09:07:57","slug":"consult","status":"publish","type":"page","link":"https:\/\/www.maiwald.eu\/de\/consult\/","title":{"rendered":"Consult"},"content":{"rendered":"\n<p>Als gemischte Kanzlei von Patent- und Rechtsanw\u00e4lten bieten wir Beratung aus einer Hand. Unsere eingespielten Teams besitzen durch ihre jahrelange Zusammenarbeit umfassende technische und rechtliche Expertise. Wir beraten sowohl Start-Ups, mittelst\u00e4ndische Unternehmen als auch Konzerne und Universit\u00e4ten umfassend in allen Bereichen des Gewerblichen Rechtsschutzes und verf\u00fcgen \u00fcber tiefgreifende Erfahrung bez\u00fcglich der strategischen Planung, des Aufbaus und der Verteidigung nationaler und internationaler Schutzrechtportfolios. Im Bereich IP beraten wir Sie hinsichtlich Anmeldestrategien und bewerten Freedom-to-Operate-Fragestellungen ebenso wie die Validit\u00e4t von Schutzrechten. Au\u00dferdem erbringen wir strategische und pr\u00e4ventive Beratung im Bereich Compliance und Datenschutz.<\/p>\n","protected":false},"excerpt":{"rendered":"<p>Als gemischte Kanzlei von Patent- und Rechtsanw\u00e4lten bieten wir Beratung aus einer Hand. Unsere eingespielten Teams besitzen durch ihre jahrelange Zusammenarbeit umfassende technische und rechtliche Expertise. Wir beraten sowohl Start-Ups, mittelst\u00e4ndische Unternehmen als auch Konzerne und Universit\u00e4ten umfassend in allen Bereichen des Gewerblichen Rechtsschutzes und verf\u00fcgen \u00fcber tiefgreifende Erfahrung bez\u00fcglich der strategischen Planung, des Aufbaus [&hellip;]<\/p>\n","protected":false},"author":2,"featured_media":0,"parent":0,"menu_order":0,"comment_status":"closed","ping_status":"closed","template":"template-legal.php","meta":{"_acf_changed":false,"footnotes":""},"class_list":["post-6370","page","type-page","status-publish","hentry"],"acf":[],"featured_image_src":null,"featured_image_src_square":null,"_links":{"self":[{"href":"https:\/\/www.maiwald.eu\/de\/wp-json\/wp\/v2\/pages\/6370","targetHints":{"allow":["GET"]}}],"collection":[{"href":"https:\/\/www.maiwald.eu\/de\/wp-json\/wp\/v2\/pages"}],"about":[{"href":"https:\/\/www.maiwald.eu\/de\/wp-json\/wp\/v2\/types\/page"}],"author":[{"embeddable":true,"href":"https:\/\/www.maiwald.eu\/de\/wp-json\/wp\/v2\/users\/2"}],"replies":[{"embeddable":true,"href":"https:\/\/www.maiwald.eu\/de\/wp-json\/wp\/v2\/comments?post=6370"}],"version-history":[{"count":1,"href":"https:\/\/www.maiwald.eu\/de\/wp-json\/wp\/v2\/pages\/6370\/revisions"}],"predecessor-version":[{"id":48879,"href":"https:\/\/www.maiwald.eu\/de\/wp-json\/wp\/v2\/pages\/6370\/revisions\/48879"}],"wp:attachment":[{"href":"https:\/\/www.maiwald.eu\/de\/wp-json\/wp\/v2\/media?parent=6370"}],"curies":[{"name":"wp","href":"https:\/\/api.w.org\/{rel}","templated":true}]}}