{"id":6368,"date":"2021-07-15T11:07:00","date_gmt":"2021-07-15T09:07:00","guid":{"rendered":"https:\/\/www.maiwald.eu\/?page_id=6368"},"modified":"2021-07-15T11:07:48","modified_gmt":"2021-07-15T09:07:48","slug":"deal","status":"publish","type":"page","link":"https:\/\/www.maiwald.eu\/de\/deal\/","title":{"rendered":"Deal"},"content":{"rendered":"\n<p>Wir entwerfen und verhandeln f\u00fcr unsere Mandanten Vertr\u00e4ge in den Bereichen Technologie und IP und k\u00f6nnen dabei unsere umfassenden Erfahrungen vor staatlichen Gerichten und Schiedsgerichten einflie\u00dfen lassen. Neben patent- und markenrechtlicher Beratung bieten wir Information zu den Themen Compliance, Kartellrecht und Datenschutz sowie dem Aufbau von Compliance-Management-Systemen.<\/p>\n","protected":false},"excerpt":{"rendered":"<p>Wir entwerfen und verhandeln f\u00fcr unsere Mandanten Vertr\u00e4ge in den Bereichen Technologie und IP und k\u00f6nnen dabei unsere umfassenden Erfahrungen vor staatlichen Gerichten und Schiedsgerichten einflie\u00dfen lassen. Neben patent- und markenrechtlicher Beratung bieten wir Information zu den Themen Compliance, Kartellrecht und Datenschutz sowie dem Aufbau von Compliance-Management-Systemen.<\/p>\n","protected":false},"author":2,"featured_media":0,"parent":0,"menu_order":0,"comment_status":"closed","ping_status":"closed","template":"template-legal.php","meta":{"_acf_changed":false,"footnotes":""},"class_list":["post-6368","page","type-page","status-publish","hentry"],"acf":[],"featured_image_src":null,"featured_image_src_square":null,"_links":{"self":[{"href":"https:\/\/www.maiwald.eu\/de\/wp-json\/wp\/v2\/pages\/6368","targetHints":{"allow":["GET"]}}],"collection":[{"href":"https:\/\/www.maiwald.eu\/de\/wp-json\/wp\/v2\/pages"}],"about":[{"href":"https:\/\/www.maiwald.eu\/de\/wp-json\/wp\/v2\/types\/page"}],"author":[{"embeddable":true,"href":"https:\/\/www.maiwald.eu\/de\/wp-json\/wp\/v2\/users\/2"}],"replies":[{"embeddable":true,"href":"https:\/\/www.maiwald.eu\/de\/wp-json\/wp\/v2\/comments?post=6368"}],"version-history":[{"count":0,"href":"https:\/\/www.maiwald.eu\/de\/wp-json\/wp\/v2\/pages\/6368\/revisions"}],"wp:attachment":[{"href":"https:\/\/www.maiwald.eu\/de\/wp-json\/wp\/v2\/media?parent=6368"}],"curies":[{"name":"wp","href":"https:\/\/api.w.org\/{rel}","templated":true}]}}