{"id":6366,"date":"2021-07-15T11:06:49","date_gmt":"2021-07-15T09:06:49","guid":{"rendered":"https:\/\/www.maiwald.eu\/?page_id=6366"},"modified":"2021-10-20T11:29:30","modified_gmt":"2021-10-20T09:29:30","slug":"litigate","status":"publish","type":"page","link":"https:\/\/www.maiwald.eu\/de\/litigate\/","title":{"rendered":"Litigate"},"content":{"rendered":"\n<p>Wir beraten und vertreten unsere Mandantschaft in nationalen und internationalen Patent- und Gebrauchsmusterverletzungsverfahren. Im Zentrum unserer \u00dcberlegungen steht dabei der wirtschaftliche Erfolg unserer Mandantschaft. Sei es bei der Entwicklung globaler Durchsetzungsstrategien oder auch bei der Verteidigung gegen Angriffe Dritter. Wir stehen Ihnen in streitigen Verfahren hinsichtlich der Verletzung und Validit\u00e4t von Schutzrechten vor den ordentlichen Gerichten, dem Bundesgerichtshof, dem Bundespatentgericht, den deutschen und europ\u00e4ischen \u00c4mtern und dem Europ\u00e4ischen Gerichtshof und auch in sonstigen Rechtsstreitigkeiten oder beh\u00f6rdlichen Verfahren zur Seite.<\/p>\n","protected":false},"excerpt":{"rendered":"<p>Wir beraten und vertreten unsere Mandantschaft in nationalen und internationalen Patent- und Gebrauchsmusterverletzungsverfahren. Im Zentrum unserer \u00dcberlegungen steht dabei der wirtschaftliche Erfolg unserer Mandantschaft. Sei es bei der Entwicklung globaler Durchsetzungsstrategien oder auch bei der Verteidigung gegen Angriffe Dritter. Wir stehen Ihnen in streitigen Verfahren hinsichtlich der Verletzung und Validit\u00e4t von Schutzrechten vor den ordentlichen [&hellip;]<\/p>\n","protected":false},"author":2,"featured_media":0,"parent":0,"menu_order":0,"comment_status":"closed","ping_status":"closed","template":"template-legal.php","meta":{"_acf_changed":false,"footnotes":""},"class_list":["post-6366","page","type-page","status-publish","hentry"],"acf":[],"featured_image_src":null,"featured_image_src_square":null,"_links":{"self":[{"href":"https:\/\/www.maiwald.eu\/de\/wp-json\/wp\/v2\/pages\/6366","targetHints":{"allow":["GET"]}}],"collection":[{"href":"https:\/\/www.maiwald.eu\/de\/wp-json\/wp\/v2\/pages"}],"about":[{"href":"https:\/\/www.maiwald.eu\/de\/wp-json\/wp\/v2\/types\/page"}],"author":[{"embeddable":true,"href":"https:\/\/www.maiwald.eu\/de\/wp-json\/wp\/v2\/users\/2"}],"replies":[{"embeddable":true,"href":"https:\/\/www.maiwald.eu\/de\/wp-json\/wp\/v2\/comments?post=6366"}],"version-history":[{"count":2,"href":"https:\/\/www.maiwald.eu\/de\/wp-json\/wp\/v2\/pages\/6366\/revisions"}],"predecessor-version":[{"id":11219,"href":"https:\/\/www.maiwald.eu\/de\/wp-json\/wp\/v2\/pages\/6366\/revisions\/11219"}],"wp:attachment":[{"href":"https:\/\/www.maiwald.eu\/de\/wp-json\/wp\/v2\/media?parent=6366"}],"curies":[{"name":"wp","href":"https:\/\/api.w.org\/{rel}","templated":true}]}}