{"id":6363,"date":"2021-07-15T11:06:14","date_gmt":"2021-07-15T09:06:14","guid":{"rendered":"https:\/\/www.maiwald.eu\/?page_id=6363"},"modified":"2021-10-20T11:30:37","modified_gmt":"2021-10-20T09:30:37","slug":"protect","status":"publish","type":"page","link":"https:\/\/www.maiwald.eu\/de\/protect\/","title":{"rendered":"Protect"},"content":{"rendered":"\n<p>Bei der \u00dcberlegung, wie geistiges Eigentum bestm\u00f6glich gesch\u00fctzt werden kann, sind unterschiedliche strategische Fragestellungen hinsichtlich der Mitabdeckung oder Freihaltung zuk\u00fcnftiger Entwicklungen oder der Relevanz und entsprechender Schutzbed\u00fcrftigkeit weiterer technischer Gebiete zu beachten. Daneben ist aus patentrechtlicher Sicht nat\u00fcrlich der Stand der Technik auf dem in Frage stehenden Gebiet zu bewerten, um die L\u00fccken in der Patentlandschaft bestm\u00f6glich schlie\u00dfen zu k\u00f6nnen. Die besondere Expertise unseres gemischten Teams aus Patent- und Rechtsanw\u00e4lt:innen beinhaltet daher insbesondere die Koordination weltweiter Patent- und Markenportfolios sowie den Schutz vor Haftung.<\/p>\n","protected":false},"excerpt":{"rendered":"<p>Bei der \u00dcberlegung, wie geistiges Eigentum bestm\u00f6glich gesch\u00fctzt werden kann, sind unterschiedliche strategische Fragestellungen hinsichtlich der Mitabdeckung oder Freihaltung zuk\u00fcnftiger Entwicklungen oder der Relevanz und entsprechender Schutzbed\u00fcrftigkeit weiterer technischer Gebiete zu beachten. Daneben ist aus patentrechtlicher Sicht nat\u00fcrlich der Stand der Technik auf dem in Frage stehenden Gebiet zu bewerten, um die L\u00fccken in der [&hellip;]<\/p>\n","protected":false},"author":2,"featured_media":0,"parent":0,"menu_order":0,"comment_status":"closed","ping_status":"closed","template":"template-legal.php","meta":{"_acf_changed":false,"footnotes":""},"class_list":["post-6363","page","type-page","status-publish","hentry"],"acf":[],"featured_image_src":null,"featured_image_src_square":null,"_links":{"self":[{"href":"https:\/\/www.maiwald.eu\/de\/wp-json\/wp\/v2\/pages\/6363","targetHints":{"allow":["GET"]}}],"collection":[{"href":"https:\/\/www.maiwald.eu\/de\/wp-json\/wp\/v2\/pages"}],"about":[{"href":"https:\/\/www.maiwald.eu\/de\/wp-json\/wp\/v2\/types\/page"}],"author":[{"embeddable":true,"href":"https:\/\/www.maiwald.eu\/de\/wp-json\/wp\/v2\/users\/2"}],"replies":[{"embeddable":true,"href":"https:\/\/www.maiwald.eu\/de\/wp-json\/wp\/v2\/comments?post=6363"}],"version-history":[{"count":1,"href":"https:\/\/www.maiwald.eu\/de\/wp-json\/wp\/v2\/pages\/6363\/revisions"}],"predecessor-version":[{"id":11151,"href":"https:\/\/www.maiwald.eu\/de\/wp-json\/wp\/v2\/pages\/6363\/revisions\/11151"}],"wp:attachment":[{"href":"https:\/\/www.maiwald.eu\/de\/wp-json\/wp\/v2\/media?parent=6363"}],"curies":[{"name":"wp","href":"https:\/\/api.w.org\/{rel}","templated":true}]}}