{"id":14,"date":"2021-04-15T07:46:43","date_gmt":"2021-04-15T05:46:43","guid":{"rendered":"https:\/\/www.maiwald.eu\/?page_id=14"},"modified":"2026-04-01T14:35:00","modified_gmt":"2026-04-01T12:35:00","slug":"impressum","status":"publish","type":"page","link":"https:\/\/www.maiwald.eu\/de\/impressum\/","title":{"rendered":"Impressum"},"content":{"rendered":"\n<p>Impressumsangaben nach \u00a7 5 Telemediengesetz (TMG) und der Dienstleistungs-Informationspflichten-Verordnung (DL-InfoV)<\/p>\n\n\n\n<h2 class=\"wp-block-heading\">Name und Anschrift der Kanzlei:<\/h2>\n\n\n\n<p>Maiwald GmbH<br>80335 M\u00fcnchen<br>Deutschland<br>T&nbsp;+49 (0)89 747 266 0<br>F&nbsp;+49 (0)89 776 424<br>E&nbsp;<a href=\"mailto:info@maiwald.eu\">info@maiwald.eu<\/a><br><a href=\"https:\/\/www.maiwald.eu\/\">www.maiwald.eu<\/a><\/p>\n\n\n\n<p>Die Maiwald GmbH betreibt B\u00fcros in M\u00fcnchen und D\u00fcsseldorf. &nbsp;<\/p>\n\n\n\n<h2 class=\"wp-block-heading\">Rechtsform:<\/h2>\n\n\n\n<p>GmbH<\/p>\n\n\n\n<h2 class=\"wp-block-heading\">Registergericht:<\/h2>\n\n\n\n<p>Amtsgericht M\u00fcnchen HRB 111307<\/p>\n\n\n\n<h2 class=\"wp-block-heading\">USt-IdNr. (\u00a7 27a UStG):<\/h2>\n\n\n\n<p>DE 175858893<\/p>\n\n\n\n<h2 class=\"wp-block-heading\">Gesch\u00e4ftsf\u00fchrer:innen (Board of Directors):<\/h2>\n\n\n\n<p>Dr. Regina Neuefeind, Dr. Norbert Hansen, Dr. Martin Huenges, Dr. Holger Glas, Dr. Dirk B\u00fchler, Dr. Christian Sch\u00e4flein, Dr. Alexander Schmitz, Angela Zumstein, Dr. Derk Vos, Dr. Berthold Lux, Dr. Eva Ehlich, Alexander Ortlieb, Dr. Andreas Ledl, Dr. Eva D\u00f6rner, Dr. Marco Stief, Dr. Ralf Kotitschke, Dr. Christian Pioch, Dr. Naho Fujimoto, Martina Boidol, Dr. Anja Fux, Sebastian Herzog.<\/p>\n\n\n\n<h2 class=\"wp-block-heading\">Zust\u00e4ndige Kammern:<\/h2>\n\n\n\n<p>Unsere Patentanw\u00e4lt:innen sind in Deutschland zugelassen und Mitglieder der<\/p>\n\n\n\n<p>Patentanwaltskammer<br>Tal 29<br>80331 M\u00fcnchen<br>Telefon +49 89 242278-0<br><a href=\"https:\/\/www.patentanwaltskammer.de\/\" target=\"_blank\" rel=\"noreferrer noopener\">www.patentanwaltskammer.de<\/a><\/p>\n\n\n\n<p>Unsere europ\u00e4ischen Patentanw\u00e4lt:innen (&#8222;European Patent Attorneys&#8220;) sind beim Europ\u00e4ischen Patentamt eingetragen und Mitglieder des<\/p>\n\n\n\n<p>Institut der beim EPA zugelassenen Vertreter (epi)<br>Bayerstrasse 83<br>80335 M\u00fcnchen<br>Telefon +49 89 242052-0<br><a href=\"http:\/\/www.patentepi.com\/\" target=\"_blank\" rel=\"noreferrer noopener\">www.patentepi.com<\/a><\/p>\n\n\n\n<p>Unsere britischen Patentanw\u00e4lt:innen sind beim Intellectual Property Regulation Board eingetragen und Mitglieder des<\/p>\n\n\n\n<p>Intellectual Property Regulation Board (IPReg)<br>5th Floor, Outer Temple<br>222-225 Strand<br>London<br>WC2R 1BA<br>Telefon +44 20 7353 4373<br><a href=\"http:\/\/www.ipreg.org.uk\/\" target=\"_blank\" rel=\"noreferrer noopener\">www.ipreg.org.uk<\/a><\/p>\n\n\n\n<p>Unsere \u00f6sterreichischen Patentanw\u00e4lt:innen sind bei der \u00d6sterreichischen Patentanwaltskammer eingetragen und Mitglieder der<\/p>\n\n\n\n<p>\u00d6sterreichische Patentanwaltskammer<br>Linke Wienzeile 4\/1\/Top 9, A-1060 Wien<br>Telefon: +43 01 523 43 82<br><a href=\"http:\/\/www.patentanwalt.at\" target=\"_blank\" rel=\"noopener\">www.patentanwalt.at<\/a><\/p>\n\n\n\n<p>Unsere japanischen Patentanw\u00e4lt:innen sind bei der Japan Patent Attorney Association eingetragen und Mitglieder der<\/p>\n\n\n\n<p>Japan Patent Attorney Association<br>Tokyo Club Building 14F, 3-2-6 Kasumigaseki, Chiyoda-ku,Tokyo, Japan 100-0013<br>Telefon: +81-3-3519-2703<br><a href=\"https:\/\/www.jpaa.or.jp\/en\" target=\"_blank\" rel=\"noopener\">www.jpaa.or.jp\/en<\/a><\/p>\n\n\n\n<p>Unsere Rechtsanw\u00e4lt:innen sind in Deutschland zugelassen und Mitglieder der<\/p>\n\n\n\n<p>Rechtsanwaltskammer f\u00fcr den Oberlandesgerichtsbezirk M\u00fcnchen<br>Tal 33<br>80331 M\u00fcnchen<br>Telefon +49 89 532944-0<br><a href=\"http:\/\/www.rechtsanwaltskammer-muenchen.de\/\" target=\"_blank\" rel=\"noreferrer noopener\">www.rechtsanwaltskammer-muenchen.de<\/a><\/p>\n\n\n\n<h2 class=\"wp-block-heading\">Berufsordnungen:<\/h2>\n\n\n\n<p>Patentanw\u00e4lte unterliegen der Patentanwaltsordnung, der Berufsordnung der Patentanw\u00e4lte und den FICPI Standesregeln.<\/p>\n\n\n\n<p>Europ\u00e4ische Patentanw\u00e4lte (&#8222;European Patent Attorneys&#8220;) unterliegen dem Code of Professional Conduct des epi. Fundstellen dieser Vorschriften finden sich auf der Webseite der Patentanwaltskammer unter der Rubrik &#8222;\u00dcber das epi&#8220;.<\/p>\n\n\n\n<p>Britische Patentanw\u00e4lte, die nach britischem Recht zugelassen sind, sind eingetragen im Patentanwaltsregister nach \u00a7 275 Copyright Design and Patents Act 1988 und unterliegen den Regeln und Vorschriften der britischen Aufsichtsbeh\u00f6rde \u201cIPREG\u201c, die in der Berufsordnung des Intellectual Property Regulation Board vom 28. September 2009 festgelegt und auf der IPREG-Webseite abrufbar sind.<\/p>\n\n\n\n<p>Rechtsanw\u00e4lte unterliegen der Bundesrechtsanwaltsordnung (BRAO), der Berufsordnung der Rechtsanw\u00e4lte (BORA), der Fachanwaltsordnung (FAO), dem Rechtsanwaltsverg\u00fctungsgesetz (RVG), den berufsrechtlichen Erg\u00e4nzungen zum Geldw\u00e4schebek\u00e4mpfungsgesetz (GwG), den Berufsregeln der Rechtsanw\u00e4lte der Europ\u00e4ischen Union (CCBE-Berufsregeln) und dem Gesetz \u00fcber die T\u00e4tigkeit europ\u00e4ischer Rechtsanw\u00e4lte in Deutschland (EuRAG). Fundstellen dieser Vorschriften k\u00f6nnen \u00fcber die Homepage der Bundesrechtsanwaltskammer, www.brak.de, in der Rubrik \u201eBerufsrecht\u201c eingesehen und abgerufen werden.<\/p>\n\n\n\n<h2 class=\"wp-block-heading\">Berufshaftpflichtversicherung:<\/h2>\n\n\n\n<p>ERGO Versicherung AG, Thomas-Dehler-Str. 2, 81737 M\u00fcnchen, ohne Beschr\u00e4nkung des r\u00e4umlichen Geltungsbereichs.<\/p>\n\n\n\n<h2 class=\"wp-block-heading\">Streitbeilegungsverfahren:<\/h2>\n\n\n\n<p>Die nach der ODR-Verordnung [Verordnung (EU) Nr. 524\/2013] eingerichtete europ\u00e4ische Onlinestreitbeilegungs-Plattform (OS-Plattform) ist unter folgendem Link zu finden:&nbsp;<a href=\"http:\/\/ec.europa.eu\/consumers\/odr\" target=\"_blank\" rel=\"noreferrer noopener\">http:\/\/ec.europa.eu\/consumers\/odr<\/a>.&nbsp; &nbsp;<\/p>\n\n\n\n<p>Die Maiwald GmbH nimmt nicht an einem Streitbeilegungsverfahren nach Ma\u00dfgabe der ADR-Richtlinie und des Verbraucherstreitbeilegungsgesetzes (VSBG) vor einer Verbraucherschlichtungsstelle teil.<\/p>\n\n\n\n<h2 class=\"wp-block-heading\">Haftung f\u00fcr Links:<\/h2>\n\n\n\n<p>Das Angebot auf der Website enth\u00e4lt Links zu externen Webseiten Dritter, auf deren Inhalte die Maiwald GmbH keinen Einfluss hat. Deshalb kann die Maiwald GmbH f\u00fcr diese fremden Inhalte und f\u00fcr die Einhaltung der datenschutzrechtlichen Regelungen keine Gew\u00e4hr \u00fcbernehmen. F\u00fcr die Inhalte der verlinkten Seiten ist stets der jeweilige Diensteanbieter verantwortlich. Die verlinkten Seiten wurden zum Zeitpunkt der Verlinkung auf m\u00f6gliche Rechtsverst\u00f6\u00dfe \u00fcberpr\u00fcft. Rechtswidrige Inhalte waren zum Zeitpunkt der Verlinkung nicht erkennbar. Eine permanente inhaltliche Kontrolle der verlinkten Seiten ist jedoch ohne konkrete Anhaltspunkte einer Rechtsverletzung nicht zumutbar. Bei Bekanntwerden von Rechtsverletzungen wird die Maiwald GmbH derartige Links umgehend entfernen.<\/p>\n\n\n\n<h2 class=\"wp-block-heading\">Externe Ansprechpartner:<\/h2>\n\n\n\n<p><em>Texte<\/em>:<br>Nicole Huss<br>Nicole Huss Kommunikation<br>S\u00fcdliche Auffahrtsallee 71<br>80639 M\u00fcnchen<br><a href=\"http:\/\/www.huss-kommunikation.de\" target=\"_blank\" rel=\"noopener\">www.huss-kommunikation.de<\/a><br><br><em>Bilder<\/em>:<br>Moira Rutschmann Fotografie<br>Marktplatz 26<br>85567 Grafing bei M\u00fcnchen<br><a href=\"https:\/\/moira-rutschmann.de\/\" target=\"_blank\" rel=\"noopener\">www.moira-rutschmann.de<\/a><\/p>\n\n\n\n<p>LICHTSCHACHT &#8211; Studio f\u00fcr Fotografie<br>Maisenh\u00e4lder &amp; Schwickerath GbR<br>Witteringstra\u00dfe 20-22<br>D-45130 Essen<br><a href=\"http:\/\/www.lichtschacht.com\" target=\"_blank\" rel=\"noreferrer noopener\">www.lichtschacht.com<\/a><\/p>\n\n\n\n<p><em>Programmierung<\/em>:<br>YOYABA Technologies GmbH<br>Dorotheenstra\u00dfe 64<br>22301 Hamburg<br><a href=\"http:\/\/www.yoyaba.com\" target=\"_blank\" rel=\"noopener\">www.yoyaba.com<\/a><\/p>\n\n\n\n<p><em>Grafiker:<\/em><br>Bertram Richter &#8211; heimlichstillundleise<br>Eppendorfer Weg 15<br>20259 Hamburg<\/p>\n","protected":false},"excerpt":{"rendered":"<p>Impressumsangaben nach \u00a7 5 Telemediengesetz (TMG) und der Dienstleistungs-Informationspflichten-Verordnung (DL-InfoV) Name und Anschrift der Kanzlei: Maiwald GmbH80335 M\u00fcnchenDeutschlandT&nbsp;+49 (0)89 747 266 0F&nbsp;+49 (0)89 776 424E&nbsp;info@maiwald.euwww.maiwald.eu Die Maiwald GmbH betreibt B\u00fcros in M\u00fcnchen und D\u00fcsseldorf. &nbsp; Rechtsform: GmbH Registergericht: Amtsgericht M\u00fcnchen HRB 111307 USt-IdNr. (\u00a7 27a UStG): DE 175858893 Gesch\u00e4ftsf\u00fchrer:innen (Board of Directors): Dr. Regina Neuefeind, [&hellip;]<\/p>\n","protected":false},"author":2,"featured_media":0,"parent":0,"menu_order":0,"comment_status":"closed","ping_status":"closed","template":"template-legal.php","meta":{"_acf_changed":false,"footnotes":""},"class_list":["post-14","page","type-page","status-publish","hentry"],"acf":[],"featured_image_src":null,"featured_image_src_square":null,"_links":{"self":[{"href":"https:\/\/www.maiwald.eu\/de\/wp-json\/wp\/v2\/pages\/14","targetHints":{"allow":["GET"]}}],"collection":[{"href":"https:\/\/www.maiwald.eu\/de\/wp-json\/wp\/v2\/pages"}],"about":[{"href":"https:\/\/www.maiwald.eu\/de\/wp-json\/wp\/v2\/types\/page"}],"author":[{"embeddable":true,"href":"https:\/\/www.maiwald.eu\/de\/wp-json\/wp\/v2\/users\/2"}],"replies":[{"embeddable":true,"href":"https:\/\/www.maiwald.eu\/de\/wp-json\/wp\/v2\/comments?post=14"}],"version-history":[{"count":17,"href":"https:\/\/www.maiwald.eu\/de\/wp-json\/wp\/v2\/pages\/14\/revisions"}],"predecessor-version":[{"id":55830,"href":"https:\/\/www.maiwald.eu\/de\/wp-json\/wp\/v2\/pages\/14\/revisions\/55830"}],"wp:attachment":[{"href":"https:\/\/www.maiwald.eu\/de\/wp-json\/wp\/v2\/media?parent=14"}],"curies":[{"name":"wp","href":"https:\/\/api.w.org\/{rel}","templated":true}]}}