{"id":12,"date":"2021-04-15T07:46:36","date_gmt":"2021-04-15T05:46:36","guid":{"rendered":"https:\/\/www.maiwald.eu\/?page_id=12"},"modified":"2023-03-13T16:32:42","modified_gmt":"2023-03-13T15:32:42","slug":"datenschutz","status":"publish","type":"page","link":"https:\/\/www.maiwald.eu\/de\/datenschutz\/","title":{"rendered":"Datenschutz"},"content":{"rendered":"\n<p>Webseiten-Datenschutzerkl\u00e4rung und zugleich Information der Betroffenen gem\u00e4\u00df Artikel 13 und Artikel 14 EU-Datenschutzgrundverordnung<\/p>\n\n\n\n<h2 class=\"wp-block-heading\">1. Allgemein<\/h2>\n\n\n\n<h3 class=\"wp-block-heading\">Angaben zur verantwortlichen Stelle<\/h3>\n\n\n\n<p>Maiwald GmbH<br>Elisenhof<br>Elisenstra\u00dfe 3<br>80335 M\u00fcnchen<br>Telefon: +49 89 747 266 0<br>Fax: +49 89 776 424<br>E-Mail:&nbsp;<a href=\"mailto:info@maiwald.eu\">info@maiwald.eu<\/a><\/p>\n\n\n\n<h3 class=\"wp-block-heading\">Kontaktdaten des externen Datenschutzbeauftragten<\/h3>\n\n\n\n<p>Dr. Sebastian Kraska<br>Rechtsanwalt, Dipl.-Kfm.<br>Externer Datenschutzbeauftragter<br>IITR Datenschutz GmbH<br>Marienplatz 2<br>80331 M\u00fcnchen<br>Tel. +49 89 1891 7360<br>E-Mail:&nbsp;<a href=\"mailto:email@iitr.de\">email@iitr.de<\/a><br>Web:&nbsp;<a href=\"http:\/\/www.iitr.de\/\" target=\"_blank\" rel=\"noreferrer noopener\">http:\/\/www.iitr.de<\/a><\/p>\n\n\n\n<h3 class=\"wp-block-heading\">Kontaktdaten des internen Ansprechpartners f\u00fcr den Datenschutz<\/h3>\n\n\n\n<p>Email:&nbsp;<a href=\"mailto:datenschutz@maiwald.eu\">datenschutz@maiwald.eu<\/a><\/p>\n\n\n\n<h2 class=\"wp-block-heading\">2. Allgemeine Datenverarbeitungs-Informationen<\/h2>\n\n\n\n<h3 class=\"wp-block-heading\">Betroffene Daten:<\/h3>\n\n\n\n<p>Personenbezogene Daten werden nur erhoben, wenn Sie uns diese von sich aus mitteilen. Dar\u00fcber hinaus werden keine personenbezogenen Daten erhoben. Eine \u00fcber die Reichweite der gesetzlichen Erlaubnistatbest\u00e4nde hinausgehende Verarbeitung Ihrer personenbezogenen Daten erfolgt nur auf Grundlage Ihrer ausdr\u00fccklichen Einwilligung.<\/p>\n\n\n\n<p>Verarbeitungszweck:&nbsp;Vertragsdurchf\u00fchrung<\/p>\n\n\n\n<p>Kategorien von Empf\u00e4ngern:&nbsp;\u00d6ffentliche Stellen bei Vorliegen vorrangiger Rechtsvorschriften.<\/p>\n\n\n\n<p>Externe Dienstleister oder sonstige Auftragnehmer.<\/p>\n\n\n\n<p>Weitere externe Stellen soweit der Betroffene seine Einwilligung erteilt hat oder eine \u00dcbermittlung aus \u00fcberwiegendem Interesse zul\u00e4ssig ist.<\/p>\n\n\n\n<p>Drittlandtransfers:&nbsp;Im Rahmen der Vertragsdurchf\u00fchrung k\u00f6nnen auch Auftragsverarbeiter au\u00dferhalb der Europ\u00e4ischen Union zum Einsatz kommen, insbesondere dann wenn die Interessen unseren Mandanten im Ausland vertreten werden sollen.<\/p>\n\n\n\n<p>Dauer Datenspeicherung:&nbsp;Die Dauer der Datenspeicherung richtet sich nach den gesetzlichen Aufbewahrungspflichten und betr\u00e4gt in der Regel 10 Jahre.<\/p>\n\n\n\n<h2 class=\"wp-block-heading\">3. Spezifische Angaben zur Webseite<\/h2>\n\n\n\n<p>In der Regel k\u00f6nnen Sie unsere Website besuchen, ohne dass wir pers\u00f6nliche Daten von Ihnen ben\u00f6tigen. Wir erfahren nur den Namen Ihres Internet Service Providers, die Webseite, von der aus Sie uns besuchen und die Webseiten, die Sie bei uns besuchen. Diese Informationen dienen lediglich der Ursachenforschung im Fehlerfall, verbleiben auf dem Server und werden im Turnus von 6 Monaten gel\u00f6scht. Der einzelne Benutzer bleibt hierbei anonym.<\/p>\n\n\n\n<h3 class=\"wp-block-heading\"><strong>Nutzungsdaten<\/strong><\/h3>\n\n\n\n<p>Wenn Sie unsere Webseiten aufrufen, \u00fcbermitteln Sie (aus technischer Notwendigkeit) \u00fcber Ihren Internetbrowser Daten an unseren Webserver. Folgende Daten werden w\u00e4hrend einer laufenden Verbindung zur Kommunikation zwischen Ihrem Internetbrowser und unserem Webserver aufgezeichnet:<\/p>\n\n\n\n<ul class=\"wp-block-list\">\n<li>Datum und Uhrzeit der Anforderung<\/li>\n\n\n\n<li>Name der angeforderten Datei<\/li>\n\n\n\n<li>Seite, von der aus die Datei angefordert wurde<\/li>\n\n\n\n<li>Zugriffsstatus (Datei \u00fcbertragen, Datei nicht gefunden, etc.)<\/li>\n\n\n\n<li>verwendeter Webbrowser und verwendetes Betriebssystem<\/li>\n\n\n\n<li>vollst\u00e4ndige IP-Adresse des anfordernden Rechners<\/li>\n\n\n\n<li>\u00fcbertragene Datenmenge.<\/li>\n<\/ul>\n\n\n\n<p>Aus Gr\u00fcnden der technischen Sicherheit, insbesondere zur Abwehr von Angriffsversuchen auf unseren Webserver, werden diese Daten von uns kurzzeitig gespeichert. Ein R\u00fcckschluss auf einzelne Personen ist uns anhand dieser Daten nicht m\u00f6glich. Nach sp\u00e4testens 30 Tagen werden die Daten durch Verk\u00fcrzung der IP-Adresse auf Domain-Ebene anonymisiert, so dass es nicht mehr m\u00f6glich ist, einen Bezug zum einzelnen Nutzer herzustellen. In anonymisierter Form werden die Daten daneben zu statistischen Zwecken verarbeitet; ein Abgleich mit anderen Datenbest\u00e4nden oder eine Weitergabe an Dritte, auch in Ausz\u00fcgen, findet nicht statt.<\/p>\n\n\n\n<h3 class=\"wp-block-heading\">Einsatz eines Newsletters<\/h3>\n\n\n\n<p>Im Rahmen der Registrierung unseres Newsletters teilen Sie uns Ihre E-Mail-Adresse und optional weitere Daten mit. Diese Angaben verwenden wir ausschlie\u00dflich, um Ihnen den Newsletter zuzusenden. Ihre bei der Newsletter-Anmeldung eingegebenen Daten bleiben bei uns gespeichert, bis Sie sich wieder von unserem Newsletter abmelden. Eine Abmeldung ist jederzeit \u00fcber den daf\u00fcr vorgesehenen Link im Newsletter oder eine entsprechende Mitteilung an uns m\u00f6glich. Mit der Abmeldung widersprechen Sie der Nutzung Ihrer E-Mail-Adresse.<\/p>\n\n\n\n<p>Als Newsletter Software wird&nbsp;<a href=\"http:\/\/www.newsletter2go.de\/\" target=\"_blank\" rel=\"noreferrer noopener\">sendinblue<\/a>, ehem. Newsletter2Go, verwendet. sendinblue ist ein deutscher, zertifizierter Anbieter, welcher nach den Anforderungen der Datenschutz-Grundverordnung und des Bundesdatenschutzgesetzes ausgew\u00e4hlt wurde.<\/p>\n\n\n\n<p>Im Rahmen dieser Anmeldung erkl\u00e4ren Sie sich einverstanden, dass Ihre eingegebenen Daten an&nbsp; die Sendinblue GmbH \u00fcbermittelt werden. Bitte beachten Sie die <a href=\"https:\/\/de.sendinblue.com\/datenschutz-uebersicht\/\" target=\"_blank\" rel=\"noopener\">Datenschutzbestimmungen<\/a> und <a href=\"https:\/\/de.sendinblue.com\/legal\/termsofuse\/\" target=\"_blank\" rel=\"noopener\">Allgemeinen&nbsp; Gesch\u00e4ftsbedingungen<\/a> der Sendinblue GmbH.<\/p>\n\n\n\n<h3 class=\"wp-block-heading\">Einsatz von Google Analytics<\/h3>\n\n\n\n<p>Diese Website benutzt auf Basis der Einwilligung der Webseiten-Besucher Google Analytics, einen Webanalysedienst der Google Ireland Limited (\u201eGoogle\u201c). Google Analytics verwendet sog. \u201eCookies\u201c, Textdateien, die auf Ihrem Computer gespeichert werden und die eine Analyse der Benutzung der Website durch Sie erm\u00f6glichen. Die durch den Cookie erzeugten Informationen \u00fcber Ihre Benutzung dieser Website werden in der Regel an einen Server von Google in den USA \u00fcbertragen und dort gespeichert.<\/p>\n\n\n\n<p>Im Falle der Aktivierung der IP-Anonymisierung auf dieser Webseite, wird Ihre IP-Adresse von Google jedoch innerhalb von Mitgliedstaaten der Europ\u00e4ischen Union oder in anderen Vertragsstaaten des Abkommens \u00fcber den Europ\u00e4ischen Wirtschaftsraum zuvor gek\u00fcrzt. Nur in Ausnahmef\u00e4llen wird die volle IP-Adresse an einen Server von Google in den USA \u00fcbertragen und dort gek\u00fcrzt.<\/p>\n\n\n\n<p>Im Auftrag des Betreibers dieser Website wird Google diese Informationen benutzen, um Ihre Nutzung der Website auszuwerten, um Reports \u00fcber die Websiteaktivit\u00e4ten zusammenzustellen und um weitere mit der Websitenutzung und der Internetnutzung verbundene Dienstleistungen gegen\u00fcber dem Websitebetreiber zu erbringen. Die im Rahmen von Google Analytics von Ihrem Browser \u00fcbermittelte IP-Adresse wird nicht mit anderen Daten von Google zusammengef\u00fchrt.<\/p>\n\n\n\n<p>Sie k\u00f6nnen die Speicherung der Cookies durch eine entsprechende Einstellung Ihrer Browser-Software verhindern; wir weisen Sie jedoch darauf hin, dass Sie in diesem Fall gegebenenfalls nicht s\u00e4mtliche Funktionen dieser Website vollumf\u00e4nglich werden nutzen k\u00f6nnen. Sie k\u00f6nnen dar\u00fcber hinaus die Erfassung der durch das Cookie erzeugten und auf Ihre Nutzung der Website bezogenen Daten (inkl. Ihrer IP-Adresse) an Google sowie die Verarbeitung dieser Daten durch Google verhindern, indem sie das unter dem folgenden Link verf\u00fcgbare Browser Plugin&nbsp;<a href=\"http:\/\/tools.google.com\/dlpage\/gaoptout?hl=de\" target=\"_blank\" rel=\"noreferrer noopener\">http:\/\/tools.google.com\/dlpage\/gaoptout?hl=de<\/a>&nbsp; herunterladen und installieren. Angesichts der Diskussion um den Einsatz von Analysetools mit vollst\u00e4ndigen IP-Adressen m\u00f6chten wir darauf hinweisen, dass diese Website Google Analytics mit der Erweiterung \u201e_anonymizeIp()\u201c verwendet und daher IP-Adressen nur gek\u00fcrzt weiterverarbeitet werden, um eine direkte Personenbeziehbarkeit auszuschlie\u00dfen.&nbsp;Speziell f\u00fcr Browser auf mobilen Ger\u00e4ten klicken Sie bitte diesen&nbsp;Link, um die anonymisierte Erfassung durch Google Analytics auf dieser Webseite f\u00fcr Ihren Browser mittels eines so genannten \u201eOpt-Out-Cookies\u201c zuk\u00fcnftig zu verhindern.<\/p>\n\n\n\n<h3 class=\"wp-block-heading\">LinkedIn<\/h3>\n\n\n\n<p>Den Aufruf von LinkedIn, LinkedIn, 2029 Stierlin Courtm, Mountain View, CA 94043 USA, erkennen Sie an dem Zeichen \u201ein\u201c auf blauem Hintergrund. Wenn Sie unsere \u201ein\u201c-Schaltfl\u00e4che im Rahmen der 2-Klick-L\u00f6sung aktivieren, wird eine Verbindung mit dem LinkedIn-Server hergestellt und dabei das LinkedIn-Plugin auf der jeweiligen Internetseite nachgeladen. Der Inhalt der \u201ein\u201c-Schaltfl\u00e4che wird von LinkedIn direkt an Ihren Browser \u00fcbermittelt und von diesem in die Webseite eingebunden. Es besteht die M\u00f6glichkeit, dass Ihre IP-Adresse auf diesem Wege an LinkedIn in den USA \u00fcbermittelt wird. <\/p>\n\n\n\n<p>Zweck und Umfang der Datenerhebung und die weitere Verarbeitung und Nutzung der Daten durch LinkedIn sowie Ihre diesbez\u00fcglichen Rechte und Einstellungsm\u00f6glichkeiten zum Schutz Ihrer Privatsph\u00e4re, entnehmen Sie bitte LinkedIns Datenschutzhinweisen (<a href=\"http:\/\/www.linkedin.com\/legal\/privacy-policy\" target=\"_blank\" rel=\"noreferrer noopener\">http:\/\/www.linkedin.com\/legal\/privacy-policy<\/a>) zu der \u201ein\u201c-Schaltfl\u00e4che. Wenn Sie LinkedIn-Mitglied sind und nicht m\u00f6chten, dass LinkedIn bei aktivierter \u201ein\u201c-Schaltfl\u00e4che \u00fcber unseren Internetauftritt Daten \u00fcber Sie sammelt und mit Ihren bei LinkedIn gespeicherten Mitgliedsdaten verkn\u00fcpft, m\u00fcssen Sie sich vor Ihrem Besuch unseres Internetauftritts bei LinkedIn ausloggen.<\/p>\n\n\n\n<h3 class=\"wp-block-heading\"><strong>YouTube<\/strong><\/h3>\n\n\n\n<p>Wir verwenden auf unserer Website auf Grundlage der Einwilligung &nbsp;die Funktion zur Einbettung von YouTube-Videos der Google Ireland Limited (\u201eGoogle\u201c). Die Funktion zeigt bei YouTube hinterlegte Videos in einem iFrame auf der Website an. Dabei ist die Option \u201eErweiterter Datenschutzmodus\u201c aktiviert. Dadurch werden von YouTube keine Informationen \u00fcber die Besucher der Website gespeichert. Erst wenn Sie sich ein Video ansehen, werden Informationen dar\u00fcber an YouTube \u00fcbermittelt und dort gespeichert. Ihre Daten werden gegebenenfalls in die USA \u00fcbermittelt.<\/p>\n\n\n\n<h3 class=\"wp-block-heading\"><strong>Einsatz eigener Cookies<\/strong><\/h3>\n\n\n\n<p>Diese Webseite verwendet eigene \u201eCookies\u201c, um die Benutzerfreundlichkeit zu erh\u00f6hen (\u201eCookies\u201c sind Datens\u00e4tze, die vom Webserver an den Browser des Nutzers gesandt und dort f\u00fcr einen sp\u00e4teren Abruf gespeichert werden). In unseren eigenen \u201eCookies\u201c werden keinerlei personenbezogene Daten gespeichert. Sie k\u00f6nnen die Verwendung von \u201eCookies\u201c generell verhindern, wenn Sie in Ihrem Browser die Speicherung von \u201eCookies\u201c untersagen.<\/p>\n\n\n\n<h2 class=\"wp-block-heading\">4. Angaben zu weiteren Datenverarbeitungsverfahren<\/h2>\n\n\n\n<h3 class=\"wp-block-heading\">Spezifische Angaben zum Bewerbungsverfahren<\/h3>\n\n\n\n<p>Betroffene Daten:&nbsp;Bewerbungsangaben<\/p>\n\n\n\n<p>Verarbeitungszweck:&nbsp;Durchf\u00fchrung Bewerbungsverfahren<\/p>\n\n\n\n<p>Kategorien von Empf\u00e4ngern:&nbsp;\u00d6ffentliche Stellen bei Vorliegen vorrangiger Rechtsvorschriften.<\/p>\n\n\n\n<p>Externe Dienstleister oder sonstige Auftragnehmer.<\/p>\n\n\n\n<p>Weitere externe Stellen soweit der Betroffene seine Einwilligung erteilt hat oder eine \u00dcbermittlung aus \u00fcberwiegendem Interesse zul\u00e4ssig ist.<\/p>\n\n\n\n<p>Drittlandtransfers:&nbsp;Keiner<\/p>\n\n\n\n<p>Dauer Datenspeicherung:&nbsp;Bewerbungsdaten werden nach Mitteilung der Entscheidung in der Regel binnen vier Monaten gel\u00f6scht, soweit nicht eine Einwilligung in eine l\u00e4ngere Datenspeicherung im Rahmen der Aufnahme in den Bewerberpool vorliegt.<\/p>\n\n\n\n<h3 class=\"wp-block-heading\">Spezifische Angaben zur Verarbeitung von Mandanten\/Interessentendaten<\/h3>\n\n\n\n<p>Betroffene Daten:&nbsp;Zur Vertragsdurchf\u00fchrung mitgeteilte Daten; ggfs. dar\u00fcber hinaus gehende Daten zur Verarbeitung auf Basis Ihrer ausdr\u00fccklichen Einwilligung.<\/p>\n\n\n\n<p>Verarbeitungszweck:&nbsp;Vertragsdurchf\u00fchrung<\/p>\n\n\n\n<p>Kategorien von Empf\u00e4ngern:&nbsp;\u00d6ffentliche Stellen bei Vorliegen vorrangiger Rechtsvorschriften.<\/p>\n\n\n\n<p>Externe Dienstleister oder sonstige Auftragnehmer, u.a. \u00dcbersetzungsb\u00fcros, Grafikdienstleister, Schreibb\u00fcros.<\/p>\n\n\n\n<p>Weitere externe Stellen soweit der Betroffene seine Einwilligung erteilt hat oder eine \u00dcbermittlung aus \u00fcberwiegendem Interesse zul\u00e4ssig ist.<\/p>\n\n\n\n<p>Drittlandtransfers:&nbsp;Im Rahmen der Vertragsdurchf\u00fchrung k\u00f6nnen auch Auftragsverarbeiter au\u00dferhalb der Europ\u00e4ischen Union zum Einsatz kommen, insbesondere dann, wenn rechtliche Interessen unserer Mandanten im Ausland vertreten werden sollen.<\/p>\n\n\n\n<p>Dauer Datenspeicherung:&nbsp;Die Dauer der Datenspeicherung richtet sich nach den gesetzlichen Aufbewahrungspflichten und betr\u00e4gt in der Regel 10 Jahre.<\/p>\n\n\n\n<h3 class=\"wp-block-heading\">Spezifische Angaben zur Verarbeitung von Besch\u00e4ftigtendaten<\/h3>\n\n\n\n<p>Betroffene Daten:&nbsp;Zur Vertragsdurchf\u00fchrung mitgeteilte Daten; ggfs. dar\u00fcber hinaus gehende Daten zur Verarbeitung auf Basis Ihrer ausdr\u00fccklichen Einwilligung.<\/p>\n\n\n\n<p>Verarbeitungszweck:&nbsp;Vertragsdurchf\u00fchrung im Rahmen des Besch\u00e4ftigungsverh\u00e4ltnisses<\/p>\n\n\n\n<p>Kategorien von Empf\u00e4ngern:&nbsp;\u00d6ffentliche Stellen bei Vorliegen vorrangiger Rechtsvorschriften, u.a. Finanzamt, Sozialversicherungstr\u00e4ger, Berufsgenossenschaft.<\/p>\n\n\n\n<p>Externe Dienstleister oder sonstige Auftragnehmer, u.a. zur Entgeltabrechnung, Versicherungsleistungen.<\/p>\n\n\n\n<p>Weitere externe Stellen soweit der Betroffene seine Einwilligung erteilt hat oder eine \u00dcbermittlung aus \u00fcberwiegendem Interesse zul\u00e4ssig ist.<\/p>\n\n\n\n<p>Drittlandtransfers:&nbsp;Keiner<\/p>\n\n\n\n<p>Dauer Datenspeicherung:&nbsp;Die Dauer der Datenspeicherung richtet sich nach den gesetzlichen Aufbewahrungspflichten und betr\u00e4gt in der Regel 10 Jahre.<\/p>\n\n\n\n<h3 class=\"wp-block-heading\">Spezifische Angaben zur Nutzung der Video-Konferenz-\/Webinar-Software (MS-Teams, Zoom, GoToWebinar)<\/h3>\n\n\n\n<p>Betroffene Daten: Zur Nutzung der Video-Konferenz-Software bzw. der Webinar-Software mitgeteilte Daten (insb. Vorname, Nachname, E-Mail-Adresse; optional: Ton-\u00dcbertragung; optional: Bild-\u00dcbertragung; optional: Fragen bei Nutzung von Chat-Funktionen); im technisch erforderlichen Umfang Verarbeitung von Daten ihres Systems zur Herstellung der Verbindung mit dem Anbieter der Konferenz-Software. <\/p>\n\n\n\n<p>Verarbeitungszweck: Durchf\u00fchrung von Video-Konferenzen bzw. Webinaren und Videoverhandlungen mit dem EPA mit Zoom.<\/p>\n\n\n\n<p>Kategorien von Empf\u00e4ngern: \u00d6ffentliche Stellen bei Vorliegen vorrangiger Rechtsvorschriften. Externe Dienstleister oder sonstige Auftragnehmer, u.a. zur Datenverarbeitung und Hosting. Weitere externe Stellen soweit der Betroffene seine Einwilligung erteilt hat oder eine \u00dcbermittlung aus \u00fcberwiegendem Interesse zul\u00e4ssig ist.<\/p>\n\n\n\n<p>Drittlandtransfers: Es werden Auftragsverarbeiter au\u00dferhalb der Europ\u00e4ischen Union eingesetzt (hier: Vereinigte Staaten von Amerika); es wurden entsprechend Standardvertragsklauseln mit dem Dienstleister abgeschlossen.<\/p>\n\n\n\n<p>Dauer Datenspeicherung: Eine Aufnahme von Video-Konferenzen findet nur mit vorher dokumentierter Zustimmung der Teilnehmer statt. Die technischen Daten werden gel\u00f6scht, sofern sie nicht mehr erforderlich sind. Die Dauer der Datenspeicherung richtet sich im \u00dcbrigen nach den gesetzlichen Aufbewahrungspflichten und betr\u00e4gt in der Regel 10 Jahre.<\/p>\n\n\n\n<h2 class=\"wp-block-heading\">5. Weitere Informationen und Kontakte<\/h2>\n\n\n\n<p>Dar\u00fcber hinaus k\u00f6nnen Sie jederzeit ihre Anspr\u00fcche auf Auskunft, Berichtigung oder L\u00f6schung oder auf Einschr\u00e4nkung der Verarbeitung oder der Wahrnehmung Ihres Widerspruchsrechts gegen die Verarbeitung sowie das Recht auf Daten\u00fcbertragbarkeit geltend machen. Hier finden Sie die M\u00f6glichkeit, uns per&nbsp;<a href=\"\/impressum\/\" target=\"_blank\" rel=\"noreferrer noopener\">E-Mail<\/a>&nbsp;oder&nbsp;<a href=\"\/impressum\/\" target=\"_blank\" rel=\"noreferrer noopener\">Brief<\/a>&nbsp;zu kontaktieren. Sie haben ferner das Recht, sich bei Beschwerden an die Datenschutz-Aufsichtsbeh\u00f6rde zu wenden.<\/p>\n\n\n\n<h2 class=\"wp-block-heading\">6. Stand und Aktualisierung dieser Datenschutzerkl\u00e4rung<\/h2>\n\n\n\n<p>Diese Datenschutzerkl\u00e4rung hat den Stand vom&nbsp;<strong>01.02.2023<\/strong>. Wir behalten uns vor, die Datenschutzerkl\u00e4rung zu gegebener Zeit zu aktualisieren, um den Datenschutz zu verbessern und\/oder an ge\u00e4nderte Rechtsprechungen anzupassen.<\/p>\n","protected":false},"excerpt":{"rendered":"<p>Webseiten-Datenschutzerkl\u00e4rung und zugleich Information der Betroffenen gem\u00e4\u00df Artikel 13 und Artikel 14 EU-Datenschutzgrundverordnung 1. Allgemein Angaben zur verantwortlichen Stelle Maiwald GmbHElisenhofElisenstra\u00dfe 380335 M\u00fcnchenTelefon: +49 89 747 266 0Fax: +49 89 776 424E-Mail:&nbsp;info@maiwald.eu Kontaktdaten des externen Datenschutzbeauftragten Dr. Sebastian KraskaRechtsanwalt, Dipl.-Kfm.Externer DatenschutzbeauftragterIITR Datenschutz GmbHMarienplatz 280331 M\u00fcnchenTel. +49 89 1891 7360E-Mail:&nbsp;email@iitr.deWeb:&nbsp;http:\/\/www.iitr.de Kontaktdaten des internen Ansprechpartners f\u00fcr den [&hellip;]<\/p>\n","protected":false},"author":2,"featured_media":0,"parent":0,"menu_order":0,"comment_status":"closed","ping_status":"closed","template":"template-legal.php","meta":{"_acf_changed":false,"footnotes":""},"class_list":["post-12","page","type-page","status-publish","hentry"],"acf":[],"featured_image_src":null,"featured_image_src_square":null,"_links":{"self":[{"href":"https:\/\/www.maiwald.eu\/de\/wp-json\/wp\/v2\/pages\/12","targetHints":{"allow":["GET"]}}],"collection":[{"href":"https:\/\/www.maiwald.eu\/de\/wp-json\/wp\/v2\/pages"}],"about":[{"href":"https:\/\/www.maiwald.eu\/de\/wp-json\/wp\/v2\/types\/page"}],"author":[{"embeddable":true,"href":"https:\/\/www.maiwald.eu\/de\/wp-json\/wp\/v2\/users\/2"}],"replies":[{"embeddable":true,"href":"https:\/\/www.maiwald.eu\/de\/wp-json\/wp\/v2\/comments?post=12"}],"version-history":[{"count":12,"href":"https:\/\/www.maiwald.eu\/de\/wp-json\/wp\/v2\/pages\/12\/revisions"}],"predecessor-version":[{"id":30033,"href":"https:\/\/www.maiwald.eu\/de\/wp-json\/wp\/v2\/pages\/12\/revisions\/30033"}],"wp:attachment":[{"href":"https:\/\/www.maiwald.eu\/de\/wp-json\/wp\/v2\/media?parent=12"}],"curies":[{"name":"wp","href":"https:\/\/api.w.org\/{rel}","templated":true}]}}