{"id":16093,"date":"2022-03-16T09:25:19","date_gmt":"2022-03-16T08:25:19","guid":{"rendered":"https:\/\/www.maiwald.eu\/?page_id=16093"},"modified":"2026-04-01T14:37:01","modified_gmt":"2026-04-01T12:37:01","slug":"imprint","status":"publish","type":"page","link":"https:\/\/www.maiwald.eu\/cn\/imprint\/","title":{"rendered":"Imprint"},"content":{"rendered":"\n<p>Imprint details in accordance with \u00a7 5 German Telemedia Act (Telemediengesetz = TMG) and the Regulation on duties to inform recipients of services (Dienstleistungs-Informationspflichten-Verordnung = DL-InfoV)<\/p>\n\n\n\n<h2 class=\"wp-block-heading\">Name and address of the firm:<\/h2>\n\n\n\n<p>Maiwald GmbH<br>Elisenhof, Elisenstrasse 3<br>80335 Munich<br>Germany<br>T&nbsp;+49 (0)89 747 266 0<br>F&nbsp;+49 (0)89 776 424<br>E&nbsp;<a href=\"mailto:info@maiwald.eu\">info@maiwald.eu<\/a><br><a href=\"https:\/\/www.maiwald.eu\/en\/\">www.maiwald.eu<\/a><\/p>\n\n\n\n<p>Maiwald GmbH has offices in Munich and D\u00fcsseldorf. &nbsp;<\/p>\n\n\n\n<h2 class=\"wp-block-heading\">Legal form:<\/h2>\n\n\n\n<p>Limited liability company (GmbH)<\/p>\n\n\n\n<h2 class=\"wp-block-heading\">Register Court:<\/h2>\n\n\n\n<p>Local Court of Munich HRB 111307<\/p>\n\n\n\n<h2 class=\"wp-block-heading\">VAT ID No. (\u00a7 27a VAT Act (UStG):<\/h2>\n\n\n\n<p>DE 175858893<\/p>\n\n\n\n<h2 class=\"wp-block-heading\">Board of Directors:<\/h2>\n\n\n\n<p>Dr. Regina Neuefeind, Dr. Norbert Hansen, Dr. Martin Huenges, Dr. Holger Glas, Dr. Dirk B\u00fchler, Dr. Christian Sch\u00e4flein, Dr. Alexander Schmitz, Angela Zumstein, Dr. Derk Vos, Dr. Berthold Lux, Dr. Eva Ehlich, Alexander Ortlieb, Dr. Andreas Ledl, Dr. Eva D\u00f6rner, Dr. Marco Stief, Dr. Ralf Kotitschke, Dr. Christian Pioch, Dr. Naho Fujimoto, Martina Boidol, Dr. Anja Fux, Sebastian Herzog.<\/p>\n\n\n\n<h2 class=\"wp-block-heading\">Relevant professional associations:<\/h2>\n\n\n\n<p>Our patent attorneys are admitted in Germany and are members of the<br><br>German Patent Bar Association<br>Tal 29<br>80331 Munich<br>Telephone +49 89 242278-0<br><a href=\"http:\/\/www.patentanwaltskammer.de\/\" target=\"_blank\" rel=\"noreferrer noopener\">www.patentanwaltskammer.de<\/a><\/p>\n\n\n\n<p>Our European Patent Attorneys are registered at the European Patent Office and are members of the<\/p>\n\n\n\n<p>Institute of Professional Representatives before the EPO (epi)<br>Bayerstrasse 83<br>80335 Munich<br>Telephone +49 89 242052-0<br><a href=\"http:\/\/www.patentepi.com\/\" target=\"_blank\" rel=\"noreferrer noopener\">www.patentepi.com<\/a><\/p>\n\n\n\n<p>Our British patent attorneys are registered at the Intellectual Property Regulation Board and are members of the<\/p>\n\n\n\n<p>Intellectual Property Regulation Board (IPReg)<br>5th Floor, Outer Temple<br>222-225 Strand<br>London<br>WC2R 1BA<br>Telephone +44 20 7353 4373<br><a href=\"http:\/\/www.ipreg.org.uk\/\" target=\"_blank\" rel=\"noreferrer noopener\">www.ipreg.org.uk<\/a><\/p>\n\n\n\n<p>Our Austrian patent attorneys are registered at the Austrian Patent Bar Association and are members of the<\/p>\n\n\n\n<p>Austrian Patent Bar Association<br>Linke Wienzeile 4\/1\/Top 9, A-1060 Vienna<br>Telephone: +43 01 523 43 82<br><a href=\"http:\/\/www.patentanwalt.at\" target=\"_blank\" rel=\"noopener\">www.patentanwalt.at<\/a><\/p>\n\n\n\n<p>Our Japanese patent attorneys are registered at the Japan Patent Attorney Association and are members of the<\/p>\n\n\n\n<p>Japan Patent Attorney Association<br>Tokyo Club Building 14F, 3-2-6 Kasumigaseki, Chiyoda-ku,Tokyo, Japan 100-0013<br>Telephone: +81-3-3519-2703<br><a href=\"https:\/\/www.jpaa.or.jp\/en\" target=\"_blank\" rel=\"noopener\">www.jpaa.or.jp\/en<\/a><\/p>\n\n\n\n<p>Our lawyers are admitted in Germany and are members of<\/p>\n\n\n\n<p>Bar Association for the Higher Regional Court District of Munich<br>Tal 33<br>80331 Munich<br>Telephone +49 89 532944-0<br><a href=\"http:\/\/www.rechtsanwaltskammer-muenchen.de\/\" target=\"_blank\" rel=\"noreferrer noopener\">www.rechtsanwaltskammer-muenchen.de<\/a><\/p>\n\n\n\n<h2 class=\"wp-block-heading\">Professional regulations:<\/h2>\n\n\n\n<p>German patent attorneys are subject to the professional rules set forth in the Patentanwaltsordnung (German Patent Attorney Code), the Berufsordnung der Patentanw\u00e4lte (Code of Conduct for German Patent Attorneys) and the FICPI (F\u00e9d\u00e9ration Internationale des Conseils en Propri\u00e9t\u00e9 Industrielle) Rules of Professional Conduct.<\/p>\n\n\n\n<p>European patent attorneys are subject to the rules and regulations of the epi which can be found on the epi website under the heading &#8220;About the epi&#8221;.<\/p>\n\n\n\n<p>UK patent attorneys admitted under UK law are registered in the patent attorney register kept under Secion 275 Copyright Designs and Patents Act 1988 and are subject to the rules and regulations of the UK IP Regulator \u201cIPREG\u201d set forth in the Code of Conduct of 28 September 2009 of the Intellectual Property Regulation Board which can be found on the IPREG website.<\/p>\n\n\n\n<p>Lawyers are subject to the Federal Lawyers&#8217; Act (BRAO), Federal Lawyers&#8217; Code of Conduct (BORA), Specialist Lawyers&#8217; Regulations (FAO), Lawyers&#8217; Remuneration Act (RVG), relevant supplementary provisions to the federal Money Laundering Act (GwG), Code of Conduct for Lawyers in the European Union (CCBE Code of Conduct) and Law Regulating the Activity of European Lawyers in Germany (EuRAG). These legal provisions may be viewed and retrieved from the homepage of the Federal Bar Association (Bundesrechtsanwaltskammer), www.brak.de, under the heading \u201eBerufsrecht\u201c (regulations governing the profession).<\/p>\n\n\n\n<h2 class=\"wp-block-heading\">Professional liability insurance:<\/h2>\n\n\n\n<p>ERGO Versicherung AG, Thomas-Dehler-Str. 2, 81737 Munich, with no territorial restrictions.<\/p>\n\n\n\n<h2 class=\"wp-block-heading\">Dispute settlement procedures:<\/h2>\n\n\n\n<p>The European ODR (Online Dispute Resolution) platform established under EU Regulation No. 524\/2013 may be accessed via the following link:&nbsp;<a href=\"http:\/\/ec.europa.eu\/consumers\/odr\" target=\"_blank\" rel=\"noreferrer noopener\">http:\/\/ec.europa.eu\/consumers\/odr<\/a>.&nbsp; &nbsp;<\/p>\n\n\n\n<p>Maiwald GmbH does not participate in dispute settlement procedures under the ADR Directive and the Consumer Dispute Resolution Act (VSBG) before a consumer conciliation body.<\/p>\n\n\n\n<h2 class=\"wp-block-heading\">Liability for links:<\/h2>\n\n\n\n<p>The offer on this website contains links to external websites of third parties. Maiwald GmbH has no influence on the content of those websites, therefore we cannot assume any liability for these external contents and for compliance with data protection regulations. The respective service provider is always responsible for the contents of the linked pages. The linked pages were checked for possible legal infringements at the time of linking. Illegal contents were not recognisable by the time of setting the link. A permanent monitoring of the content of linked pages cannot be imposed without concrete evidence of a violation of the law. Maiwald GmbH will remove such links immediately upon becoming aware of any legal infringements.<\/p>\n\n\n\n<h2 class=\"wp-block-heading\">External contact partners:<\/h2>\n\n\n\n<p><em>Text<\/em>:<br>Nicole Huss<br>Nicole Huss Kommunikation<br>S\u00fcdliche Auffahrtsallee 71<br>80639 M\u00fcnchen<br><a href=\"http:\/\/www.huss-kommunikation.de\/\" target=\"_blank\" rel=\"noreferrer noopener\">www.huss-kommunikation.de<\/a><br><br><em>Photos<\/em>:<br>Moira Rutschmann Fotografie<br>Marktplatz 26<br>85567 Grafing bei M\u00fcnchen<br><a href=\"https:\/\/moira-rutschmann.de\/\" target=\"_blank\" rel=\"noreferrer noopener\">www.moira-rutschmann.de<\/a><\/p>\n\n\n\n<p>LICHTSCHACHT \u2013 Studio f\u00fcr Fotografie<br>Maisenh\u00e4lder &amp; Schwickerath GbR<br>Witteringstra\u00dfe 20-22<br>D-45130 Essen<br><a href=\"http:\/\/www.lichtschacht.com\/\" target=\"_blank\" rel=\"noreferrer noopener\">www.lichtschacht.com<\/a><br><br><em>Website<\/em>:<br>YOYABA Technologies GmbH<br>Dorotheenstra\u00dfe 64<br>22301 Hamburg<br><a href=\"http:\/\/www.yoyaba.com\/\" target=\"_blank\" rel=\"noreferrer noopener\">www.yoyaba.com<\/a><br><br><em>Graphic designer<\/em>:<br>Bertram Richter \u2013 heimlichstillundleise<br>Eppendorfer Weg 15<br>20259 Hamburg<\/p>\n","protected":false},"excerpt":{"rendered":"<p>Imprint details in accordance with \u00a7 5 German Telemedia Act (Telemediengesetz = TMG) and the Regulation on duties to inform recipients of services (Dienstleistungs-Informationspflichten-Verordnung = DL-InfoV) Name and address of the firm: Maiwald GmbHElisenhof, Elisenstrasse 380335 MunichGermanyT&nbsp;+49 (0)89 747 266 0F&nbsp;+49 (0)89 776 424E&nbsp;info@maiwald.euwww.maiwald.eu Maiwald GmbH has offices in Munich and D\u00fcsseldorf. &nbsp; Legal form: [&hellip;]<\/p>\n","protected":false},"author":2,"featured_media":0,"parent":0,"menu_order":0,"comment_status":"closed","ping_status":"closed","template":"template-legal.php","meta":{"_acf_changed":false,"footnotes":""},"class_list":["post-16093","page","type-page","status-publish","hentry"],"acf":[],"featured_image_src":null,"featured_image_src_square":null,"_links":{"self":[{"href":"https:\/\/www.maiwald.eu\/cn\/wp-json\/wp\/v2\/pages\/16093","targetHints":{"allow":["GET"]}}],"collection":[{"href":"https:\/\/www.maiwald.eu\/cn\/wp-json\/wp\/v2\/pages"}],"about":[{"href":"https:\/\/www.maiwald.eu\/cn\/wp-json\/wp\/v2\/types\/page"}],"author":[{"embeddable":true,"href":"https:\/\/www.maiwald.eu\/cn\/wp-json\/wp\/v2\/users\/2"}],"replies":[{"embeddable":true,"href":"https:\/\/www.maiwald.eu\/cn\/wp-json\/wp\/v2\/comments?post=16093"}],"version-history":[{"count":14,"href":"https:\/\/www.maiwald.eu\/cn\/wp-json\/wp\/v2\/pages\/16093\/revisions"}],"predecessor-version":[{"id":55834,"href":"https:\/\/www.maiwald.eu\/cn\/wp-json\/wp\/v2\/pages\/16093\/revisions\/55834"}],"wp:attachment":[{"href":"https:\/\/www.maiwald.eu\/cn\/wp-json\/wp\/v2\/media?parent=16093"}],"curies":[{"name":"wp","href":"https:\/\/api.w.org\/{rel}","templated":true}]}}